{"id":1076,"date":"2022-06-09T14:30:25","date_gmt":"2022-06-09T14:30:25","guid":{"rendered":"https:\/\/isles-aux-enfants.myosotis.ch\/les-grands\/"},"modified":"2022-07-11T14:23:42","modified_gmt":"2022-07-11T14:23:42","slug":"les-grands","status":"publish","type":"page","link":"https:\/\/isles-aux-enfants.myosotis.ch\/en\/pedagogie\/les-grands\/","title":{"rendered":"Preschoolers"},"content":{"rendered":"","protected":false},"excerpt":{"rendered":"","protected":false},"author":1,"featured_media":0,"parent":1106,"menu_order":0,"comment_status":"closed","ping_status":"closed","template":"template-pagebuilder.php","meta":{"_acf_changed":false,"footnotes":""},"folder":[],"class_list":["post-1076","page","type-page","status-publish","hentry"],"acf":[],"yoast_head":"<!-- This site is optimized with the Yoast SEO plugin v22.1 - https:\/\/yoast.com\/wordpress\/plugins\/seo\/ -->\n<title>Preschoolers - L\u2019Isles aux Enfants<\/title>\n<meta name=\"robots\" content=\"index, follow, max-snippet:-1, max-image-preview:large, max-video-preview:-1\" \/>\n<link rel=\"canonical\" href=\"https:\/\/isles-aux-enfants.myosotis.ch\/en\/pedagogie\/les-grands\/\" \/>\n<meta property=\"og:locale\" content=\"en_US\" \/>\n<meta property=\"og:type\" content=\"article\" \/>\n<meta property=\"og:title\" content=\"Preschoolers - L\u2019Isles aux Enfants\" \/>\n<meta property=\"og:url\" content=\"https:\/\/isles-aux-enfants.myosotis.ch\/en\/pedagogie\/les-grands\/\" \/>\n<meta property=\"og:site_name\" content=\"L\u2019Isles aux Enfants\" \/>\n<meta property=\"article:modified_time\" content=\"2022-07-11T14:23:42+00:00\" \/>\n<meta name=\"twitter:card\" content=\"summary_large_image\" \/>\n<script type=\"application\/ld+json\" class=\"yoast-schema-graph\">{\"@context\":\"https:\/\/schema.org\",\"@graph\":[{\"@type\":\"WebPage\",\"@id\":\"https:\/\/isles-aux-enfants.myosotis.ch\/en\/pedagogie\/les-grands\/\",\"url\":\"https:\/\/isles-aux-enfants.myosotis.ch\/en\/pedagogie\/les-grands\/\",\"name\":\"Preschoolers - L\u2019Isles aux Enfants\",\"isPartOf\":{\"@id\":\"https:\/\/isles-aux-enfants.myosotis.ch\/#website\"},\"datePublished\":\"2022-06-09T14:30:25+00:00\",\"dateModified\":\"2022-07-11T14:23:42+00:00\",\"breadcrumb\":{\"@id\":\"https:\/\/isles-aux-enfants.myosotis.ch\/en\/pedagogie\/les-grands\/#breadcrumb\"},\"inLanguage\":\"en-US\",\"potentialAction\":[{\"@type\":\"ReadAction\",\"target\":[\"https:\/\/isles-aux-enfants.myosotis.ch\/en\/pedagogie\/les-grands\/\"]}]},{\"@type\":\"BreadcrumbList\",\"@id\":\"https:\/\/isles-aux-enfants.myosotis.ch\/en\/pedagogie\/les-grands\/#breadcrumb\",\"itemListElement\":[{\"@type\":\"ListItem\",\"position\":1,\"name\":\"Pedagogy\",\"item\":\"https:\/\/isles-aux-enfants.myosotis.ch\/en\/pedagogie\/\"},{\"@type\":\"ListItem\",\"position\":2,\"name\":\"Preschoolers\"}]},{\"@type\":\"WebSite\",\"@id\":\"https:\/\/isles-aux-enfants.myosotis.ch\/#website\",\"url\":\"https:\/\/isles-aux-enfants.myosotis.ch\/\",\"name\":\"L\u2019Isles aux Enfants\",\"description\":\"L\u2019objectif de la cr\u00e8che L\u2019Isles aux Enfants est d\u2019offrir aux enfants des employ\u00e9s de Philip Morris et de la communaut\u00e9 locale, un accueil et un encadrement de qualit\u00e9.\",\"potentialAction\":[{\"@type\":\"SearchAction\",\"target\":{\"@type\":\"EntryPoint\",\"urlTemplate\":\"https:\/\/isles-aux-enfants.myosotis.ch\/?s={search_term_string}\"},\"query-input\":\"required name=search_term_string\"}],\"inLanguage\":\"en-US\"}]}<\/script>\n<!-- \/ Yoast SEO plugin. -->","yoast_head_json":{"title":"Preschoolers - L\u2019Isles aux Enfants","robots":{"index":"index","follow":"follow","max-snippet":"max-snippet:-1","max-image-preview":"max-image-preview:large","max-video-preview":"max-video-preview:-1"},"canonical":"https:\/\/isles-aux-enfants.myosotis.ch\/en\/pedagogie\/les-grands\/","og_locale":"en_US","og_type":"article","og_title":"Preschoolers - L\u2019Isles aux Enfants","og_url":"https:\/\/isles-aux-enfants.myosotis.ch\/en\/pedagogie\/les-grands\/","og_site_name":"L\u2019Isles aux Enfants","article_modified_time":"2022-07-11T14:23:42+00:00","twitter_card":"summary_large_image","schema":{"@context":"https:\/\/schema.org","@graph":[{"@type":"WebPage","@id":"https:\/\/isles-aux-enfants.myosotis.ch\/en\/pedagogie\/les-grands\/","url":"https:\/\/isles-aux-enfants.myosotis.ch\/en\/pedagogie\/les-grands\/","name":"Preschoolers - L\u2019Isles aux Enfants","isPartOf":{"@id":"https:\/\/isles-aux-enfants.myosotis.ch\/#website"},"datePublished":"2022-06-09T14:30:25+00:00","dateModified":"2022-07-11T14:23:42+00:00","breadcrumb":{"@id":"https:\/\/isles-aux-enfants.myosotis.ch\/en\/pedagogie\/les-grands\/#breadcrumb"},"inLanguage":"en-US","potentialAction":[{"@type":"ReadAction","target":["https:\/\/isles-aux-enfants.myosotis.ch\/en\/pedagogie\/les-grands\/"]}]},{"@type":"BreadcrumbList","@id":"https:\/\/isles-aux-enfants.myosotis.ch\/en\/pedagogie\/les-grands\/#breadcrumb","itemListElement":[{"@type":"ListItem","position":1,"name":"Pedagogy","item":"https:\/\/isles-aux-enfants.myosotis.ch\/en\/pedagogie\/"},{"@type":"ListItem","position":2,"name":"Preschoolers"}]},{"@type":"WebSite","@id":"https:\/\/isles-aux-enfants.myosotis.ch\/#website","url":"https:\/\/isles-aux-enfants.myosotis.ch\/","name":"L\u2019Isles aux Enfants","description":"L\u2019objectif de la cr\u00e8che L\u2019Isles aux Enfants est d\u2019offrir aux enfants des employ\u00e9s de Philip Morris et de la communaut\u00e9 locale, un accueil et un encadrement de qualit\u00e9.","potentialAction":[{"@type":"SearchAction","target":{"@type":"EntryPoint","urlTemplate":"https:\/\/isles-aux-enfants.myosotis.ch\/?s={search_term_string}"},"query-input":"required name=search_term_string"}],"inLanguage":"en-US"}]}},"_links":{"self":[{"href":"https:\/\/isles-aux-enfants.myosotis.ch\/en\/wp-json\/wp\/v2\/pages\/1076","targetHints":{"allow":["GET"]}}],"collection":[{"href":"https:\/\/isles-aux-enfants.myosotis.ch\/en\/wp-json\/wp\/v2\/pages"}],"about":[{"href":"https:\/\/isles-aux-enfants.myosotis.ch\/en\/wp-json\/wp\/v2\/types\/page"}],"author":[{"embeddable":true,"href":"https:\/\/isles-aux-enfants.myosotis.ch\/en\/wp-json\/wp\/v2\/users\/1"}],"replies":[{"embeddable":true,"href":"https:\/\/isles-aux-enfants.myosotis.ch\/en\/wp-json\/wp\/v2\/comments?post=1076"}],"version-history":[{"count":9,"href":"https:\/\/isles-aux-enfants.myosotis.ch\/en\/wp-json\/wp\/v2\/pages\/1076\/revisions"}],"predecessor-version":[{"id":1352,"href":"https:\/\/isles-aux-enfants.myosotis.ch\/en\/wp-json\/wp\/v2\/pages\/1076\/revisions\/1352"}],"up":[{"embeddable":true,"href":"https:\/\/isles-aux-enfants.myosotis.ch\/en\/wp-json\/wp\/v2\/pages\/1106"}],"wp:attachment":[{"href":"https:\/\/isles-aux-enfants.myosotis.ch\/en\/wp-json\/wp\/v2\/media?parent=1076"}],"wp:term":[{"taxonomy":"folder","embeddable":true,"href":"https:\/\/isles-aux-enfants.myosotis.ch\/en\/wp-json\/wp\/v2\/folder?post=1076"}],"curies":[{"name":"wp","href":"https:\/\/api.w.org\/{rel}","templated":true}]}}